{"id":4810,"date":"2025-01-07T09:03:51","date_gmt":"2025-01-07T00:03:51","guid":{"rendered":"https:\/\/www.japanconsultingoffice.com\/contact-us\/"},"modified":"2025-06-16T23:07:05","modified_gmt":"2025-06-16T14:07:05","slug":"contact-us","status":"publish","type":"page","link":"http:\/\/stage.japanconsultingoffice.com\/fr\/contact-us\/","title":{"rendered":"Contactez-nous"},"content":{"rendered":"","protected":false},"excerpt":{"rendered":"","protected":false},"author":1,"featured_media":4812,"parent":0,"menu_order":0,"comment_status":"closed","ping_status":"closed","template":"templates\/contact-us.php","meta":{"_acf_changed":false,"_price":"","_stock":"","_tribe_ticket_header":"","_tribe_default_ticket_provider":"","_tribe_ticket_capacity":"0","_ticket_start_date":"","_ticket_end_date":"","_tribe_ticket_show_description":"","_tribe_ticket_show_not_going":false,"_tribe_ticket_use_global_stock":"","_tribe_ticket_global_stock_level":"","_global_stock_mode":"","_global_stock_cap":"","_tribe_rsvp_for_event":"","_tribe_ticket_going_count":"","_tribe_ticket_not_going_count":"","_tribe_tickets_list":"[]","_tribe_ticket_has_attendee_info_fields":false,"footnotes":"","_tec_slr_enabled":"","_tec_slr_layout":""},"class_list":["post-4810","page","type-page","status-publish","has-post-thumbnail","hentry"],"acf":[],"yoast_head":"<!-- This site is optimized with the Yoast SEO plugin v27.0 - https:\/\/yoast.com\/product\/yoast-seo-wordpress\/ -->\n<title>Contactez-nous | JCO<\/title>\n<meta name=\"description\" content=\"N&#039;h\u00e9sitez pas \u00e0 nous contacter si vous avez des questions sur nos formations ou nos services. Notre \u00e9quipe vous mettra en relation avec le bureau JCO le plus proche de chez vous.\" \/>\n<meta name=\"robots\" content=\"noindex, follow, max-snippet:-1, max-image-preview:large, max-video-preview:-1\" \/>\n<meta property=\"og:locale\" content=\"fr_FR\" \/>\n<meta property=\"og:type\" content=\"article\" \/>\n<meta property=\"og:title\" content=\"Contactez-nous | JCO\" \/>\n<meta property=\"og:description\" content=\"N&#039;h\u00e9sitez pas \u00e0 nous contacter si vous avez des questions sur nos formations ou nos services. Notre \u00e9quipe vous mettra en relation avec le bureau JCO le plus proche de chez vous.\" \/>\n<meta property=\"og:url\" content=\"http:\/\/stage.japanconsultingoffice.com\/fr\/contact-us\/\" \/>\n<meta property=\"og:site_name\" content=\"Japan Consulting Office\" \/>\n<meta property=\"article:modified_time\" content=\"2025-06-16T14:07:05+00:00\" \/>\n<meta property=\"og:image\" content=\"http:\/\/stage.japanconsultingoffice.com\/wp-content\/uploads\/2024\/12\/blog-banner.jpg\" \/>\n\t<meta property=\"og:image:width\" content=\"1920\" \/>\n\t<meta property=\"og:image:height\" content=\"400\" \/>\n\t<meta property=\"og:image:type\" content=\"image\/jpeg\" \/>\n<meta name=\"twitter:card\" content=\"summary_large_image\" \/>\n<meta name=\"twitter:label1\" content=\"Dur\u00e9e de lecture estim\u00e9e\" \/>\n\t<meta name=\"twitter:data1\" content=\"1 minute\" \/>\n<script type=\"application\/ld+json\" class=\"yoast-schema-graph\">{\"@context\":\"https:\/\/schema.org\",\"@graph\":[{\"@type\":\"WebPage\",\"@id\":\"http:\/\/stage.japanconsultingoffice.com\/fr\/contact-us\/\",\"url\":\"http:\/\/stage.japanconsultingoffice.com\/fr\/contact-us\/\",\"name\":\"Contactez-nous | JCO\",\"isPartOf\":{\"@id\":\"http:\/\/stage.japanconsultingoffice.com\/#website\"},\"primaryImageOfPage\":{\"@id\":\"http:\/\/stage.japanconsultingoffice.com\/fr\/contact-us\/#primaryimage\"},\"image\":{\"@id\":\"http:\/\/stage.japanconsultingoffice.com\/fr\/contact-us\/#primaryimage\"},\"thumbnailUrl\":\"http:\/\/stage.japanconsultingoffice.com\/wp-content\/uploads\/2024\/12\/blog-banner.jpg\",\"datePublished\":\"2025-01-07T00:03:51+00:00\",\"dateModified\":\"2025-06-16T14:07:05+00:00\",\"description\":\"N'h\u00e9sitez pas \u00e0 nous contacter si vous avez des questions sur nos formations ou nos services. Notre \u00e9quipe vous mettra en relation avec le bureau JCO le plus proche de chez vous.\",\"breadcrumb\":{\"@id\":\"http:\/\/stage.japanconsultingoffice.com\/fr\/contact-us\/#breadcrumb\"},\"inLanguage\":\"fr-FR\",\"potentialAction\":[{\"@type\":\"ReadAction\",\"target\":[\"http:\/\/stage.japanconsultingoffice.com\/fr\/contact-us\/\"]}]},{\"@type\":\"ImageObject\",\"inLanguage\":\"fr-FR\",\"@id\":\"http:\/\/stage.japanconsultingoffice.com\/fr\/contact-us\/#primaryimage\",\"url\":\"http:\/\/stage.japanconsultingoffice.com\/wp-content\/uploads\/2024\/12\/blog-banner.jpg\",\"contentUrl\":\"http:\/\/stage.japanconsultingoffice.com\/wp-content\/uploads\/2024\/12\/blog-banner.jpg\",\"width\":1920,\"height\":400},{\"@type\":\"BreadcrumbList\",\"@id\":\"http:\/\/stage.japanconsultingoffice.com\/fr\/contact-us\/#breadcrumb\",\"itemListElement\":[{\"@type\":\"ListItem\",\"position\":1,\"name\":\"Accueil\",\"item\":\"http:\/\/stage.japanconsultingoffice.com\/fr\/\"},{\"@type\":\"ListItem\",\"position\":2,\"name\":\"Contactez-nous\"}]},{\"@type\":\"WebSite\",\"@id\":\"http:\/\/stage.japanconsultingoffice.com\/#website\",\"url\":\"http:\/\/stage.japanconsultingoffice.com\/\",\"name\":\"Japan Consulting Office\",\"description\":\"\",\"potentialAction\":[{\"@type\":\"SearchAction\",\"target\":{\"@type\":\"EntryPoint\",\"urlTemplate\":\"http:\/\/stage.japanconsultingoffice.com\/?s={search_term_string}\"},\"query-input\":{\"@type\":\"PropertyValueSpecification\",\"valueRequired\":true,\"valueName\":\"search_term_string\"}}],\"inLanguage\":\"fr-FR\"}]}<\/script>\n<!-- \/ Yoast SEO plugin. -->","yoast_head_json":{"title":"Contactez-nous | JCO","description":"N'h\u00e9sitez pas \u00e0 nous contacter si vous avez des questions sur nos formations ou nos services. Notre \u00e9quipe vous mettra en relation avec le bureau JCO le plus proche de chez vous.","robots":{"index":"noindex","follow":"follow","max-snippet":"max-snippet:-1","max-image-preview":"max-image-preview:large","max-video-preview":"max-video-preview:-1"},"og_locale":"fr_FR","og_type":"article","og_title":"Contactez-nous | JCO","og_description":"N'h\u00e9sitez pas \u00e0 nous contacter si vous avez des questions sur nos formations ou nos services. Notre \u00e9quipe vous mettra en relation avec le bureau JCO le plus proche de chez vous.","og_url":"http:\/\/stage.japanconsultingoffice.com\/fr\/contact-us\/","og_site_name":"Japan Consulting Office","article_modified_time":"2025-06-16T14:07:05+00:00","og_image":[{"width":1920,"height":400,"url":"http:\/\/stage.japanconsultingoffice.com\/wp-content\/uploads\/2024\/12\/blog-banner.jpg","type":"image\/jpeg"}],"twitter_card":"summary_large_image","twitter_misc":{"Dur\u00e9e de lecture estim\u00e9e":"1 minute"},"schema":{"@context":"https:\/\/schema.org","@graph":[{"@type":"WebPage","@id":"http:\/\/stage.japanconsultingoffice.com\/fr\/contact-us\/","url":"http:\/\/stage.japanconsultingoffice.com\/fr\/contact-us\/","name":"Contactez-nous | JCO","isPartOf":{"@id":"http:\/\/stage.japanconsultingoffice.com\/#website"},"primaryImageOfPage":{"@id":"http:\/\/stage.japanconsultingoffice.com\/fr\/contact-us\/#primaryimage"},"image":{"@id":"http:\/\/stage.japanconsultingoffice.com\/fr\/contact-us\/#primaryimage"},"thumbnailUrl":"http:\/\/stage.japanconsultingoffice.com\/wp-content\/uploads\/2024\/12\/blog-banner.jpg","datePublished":"2025-01-07T00:03:51+00:00","dateModified":"2025-06-16T14:07:05+00:00","description":"N'h\u00e9sitez pas \u00e0 nous contacter si vous avez des questions sur nos formations ou nos services. Notre \u00e9quipe vous mettra en relation avec le bureau JCO le plus proche de chez vous.","breadcrumb":{"@id":"http:\/\/stage.japanconsultingoffice.com\/fr\/contact-us\/#breadcrumb"},"inLanguage":"fr-FR","potentialAction":[{"@type":"ReadAction","target":["http:\/\/stage.japanconsultingoffice.com\/fr\/contact-us\/"]}]},{"@type":"ImageObject","inLanguage":"fr-FR","@id":"http:\/\/stage.japanconsultingoffice.com\/fr\/contact-us\/#primaryimage","url":"http:\/\/stage.japanconsultingoffice.com\/wp-content\/uploads\/2024\/12\/blog-banner.jpg","contentUrl":"http:\/\/stage.japanconsultingoffice.com\/wp-content\/uploads\/2024\/12\/blog-banner.jpg","width":1920,"height":400},{"@type":"BreadcrumbList","@id":"http:\/\/stage.japanconsultingoffice.com\/fr\/contact-us\/#breadcrumb","itemListElement":[{"@type":"ListItem","position":1,"name":"Accueil","item":"http:\/\/stage.japanconsultingoffice.com\/fr\/"},{"@type":"ListItem","position":2,"name":"Contactez-nous"}]},{"@type":"WebSite","@id":"http:\/\/stage.japanconsultingoffice.com\/#website","url":"http:\/\/stage.japanconsultingoffice.com\/","name":"Japan Consulting Office","description":"","potentialAction":[{"@type":"SearchAction","target":{"@type":"EntryPoint","urlTemplate":"http:\/\/stage.japanconsultingoffice.com\/?s={search_term_string}"},"query-input":{"@type":"PropertyValueSpecification","valueRequired":true,"valueName":"search_term_string"}}],"inLanguage":"fr-FR"}]}},"ticketed":false,"_links":{"self":[{"href":"http:\/\/stage.japanconsultingoffice.com\/fr\/wp-json\/wp\/v2\/pages\/4810","targetHints":{"allow":["GET"]}}],"collection":[{"href":"http:\/\/stage.japanconsultingoffice.com\/fr\/wp-json\/wp\/v2\/pages"}],"about":[{"href":"http:\/\/stage.japanconsultingoffice.com\/fr\/wp-json\/wp\/v2\/types\/page"}],"author":[{"embeddable":true,"href":"http:\/\/stage.japanconsultingoffice.com\/fr\/wp-json\/wp\/v2\/users\/1"}],"replies":[{"embeddable":true,"href":"http:\/\/stage.japanconsultingoffice.com\/fr\/wp-json\/wp\/v2\/comments?post=4810"}],"version-history":[{"count":5,"href":"http:\/\/stage.japanconsultingoffice.com\/fr\/wp-json\/wp\/v2\/pages\/4810\/revisions"}],"predecessor-version":[{"id":5593,"href":"http:\/\/stage.japanconsultingoffice.com\/fr\/wp-json\/wp\/v2\/pages\/4810\/revisions\/5593"}],"wp:featuredmedia":[{"embeddable":true,"href":"http:\/\/stage.japanconsultingoffice.com\/fr\/wp-json\/wp\/v2\/media\/4812"}],"wp:attachment":[{"href":"http:\/\/stage.japanconsultingoffice.com\/fr\/wp-json\/wp\/v2\/media?parent=4810"}],"curies":[{"name":"wp","href":"https:\/\/api.w.org\/{rel}","templated":true}]}}