{"id":4816,"date":"2024-12-24T08:46:37","date_gmt":"2024-12-23T23:46:37","guid":{"rendered":"https:\/\/www.japanconsultingoffice.com\/e-learning\/"},"modified":"2025-06-16T22:30:58","modified_gmt":"2025-06-16T13:30:58","slug":"e-learning","status":"publish","type":"page","link":"http:\/\/stage.japanconsultingoffice.com\/fr\/e-learning\/","title":{"rendered":"Apprentissage en ligne"},"content":{"rendered":"","protected":false},"excerpt":{"rendered":"","protected":false},"author":1,"featured_media":3115,"parent":0,"menu_order":0,"comment_status":"closed","ping_status":"closed","template":"","meta":{"_acf_changed":false,"_price":"","_stock":"","_tribe_ticket_header":"","_tribe_default_ticket_provider":"","_tribe_ticket_capacity":"0","_ticket_start_date":"","_ticket_end_date":"","_tribe_ticket_show_description":"","_tribe_ticket_show_not_going":false,"_tribe_ticket_use_global_stock":"","_tribe_ticket_global_stock_level":"","_global_stock_mode":"","_global_stock_cap":"","_tribe_rsvp_for_event":"","_tribe_ticket_going_count":"","_tribe_ticket_not_going_count":"","_tribe_tickets_list":"[]","_tribe_ticket_has_attendee_info_fields":false,"footnotes":"","_tec_slr_enabled":"","_tec_slr_layout":""},"class_list":["post-4816","page","type-page","status-publish","has-post-thumbnail","hentry"],"acf":[],"yoast_head":"<!-- This site is optimized with the Yoast SEO plugin v27.0 - https:\/\/yoast.com\/product\/yoast-seo-wordpress\/ -->\n<title>Formation en ligne sur la culture d\u2019entreprise japonaise<\/title>\n<meta name=\"description\" content=\"D\u00e9couvrez les modules d\u2019e-learning con\u00e7us par des experts sur la culture d\u2019entreprise japonaise. Des programmes flexibles et uniques pour am\u00e9liorer vos comp\u00e9tences interculturelles \u00e0 tout moment et o\u00f9 que vous soyez.\" \/>\n<meta name=\"robots\" content=\"noindex, follow, max-snippet:-1, max-image-preview:large, max-video-preview:-1\" \/>\n<meta property=\"og:locale\" content=\"fr_FR\" \/>\n<meta property=\"og:type\" content=\"article\" \/>\n<meta property=\"og:title\" content=\"Formation en ligne sur la culture d\u2019entreprise japonaise\" \/>\n<meta property=\"og:description\" content=\"D\u00e9couvrez les modules d\u2019e-learning con\u00e7us par des experts sur la culture d\u2019entreprise japonaise. Des programmes flexibles et uniques pour am\u00e9liorer vos comp\u00e9tences interculturelles \u00e0 tout moment et o\u00f9 que vous soyez.\" \/>\n<meta property=\"og:url\" content=\"http:\/\/stage.japanconsultingoffice.com\/fr\/e-learning\/\" \/>\n<meta property=\"og:site_name\" content=\"Japan Consulting Office\" \/>\n<meta property=\"article:modified_time\" content=\"2025-06-16T13:30:58+00:00\" \/>\n<meta property=\"og:image\" content=\"http:\/\/stage.japanconsultingoffice.com\/wp-content\/uploads\/2025\/03\/Handhsake-e1742120718883.jpg\" \/>\n\t<meta property=\"og:image:width\" content=\"1192\" \/>\n\t<meta property=\"og:image:height\" content=\"457\" \/>\n\t<meta property=\"og:image:type\" content=\"image\/jpeg\" \/>\n<meta name=\"twitter:card\" content=\"summary_large_image\" \/>\n<meta name=\"twitter:label1\" content=\"Dur\u00e9e de lecture estim\u00e9e\" \/>\n\t<meta name=\"twitter:data1\" content=\"1 minute\" \/>\n<script type=\"application\/ld+json\" class=\"yoast-schema-graph\">{\"@context\":\"https:\/\/schema.org\",\"@graph\":[{\"@type\":\"WebPage\",\"@id\":\"http:\/\/stage.japanconsultingoffice.com\/fr\/e-learning\/\",\"url\":\"http:\/\/stage.japanconsultingoffice.com\/fr\/e-learning\/\",\"name\":\"Formation en ligne sur la culture d\u2019entreprise japonaise\",\"isPartOf\":{\"@id\":\"http:\/\/stage.japanconsultingoffice.com\/#website\"},\"primaryImageOfPage\":{\"@id\":\"http:\/\/stage.japanconsultingoffice.com\/fr\/e-learning\/#primaryimage\"},\"image\":{\"@id\":\"http:\/\/stage.japanconsultingoffice.com\/fr\/e-learning\/#primaryimage\"},\"thumbnailUrl\":\"http:\/\/stage.japanconsultingoffice.com\/wp-content\/uploads\/2025\/03\/Handhsake-e1742120718883.jpg\",\"datePublished\":\"2024-12-23T23:46:37+00:00\",\"dateModified\":\"2025-06-16T13:30:58+00:00\",\"description\":\"D\u00e9couvrez les modules d\u2019e-learning con\u00e7us par des experts sur la culture d\u2019entreprise japonaise. Des programmes flexibles et uniques pour am\u00e9liorer vos comp\u00e9tences interculturelles \u00e0 tout moment et o\u00f9 que vous soyez.\",\"breadcrumb\":{\"@id\":\"http:\/\/stage.japanconsultingoffice.com\/fr\/e-learning\/#breadcrumb\"},\"inLanguage\":\"fr-FR\",\"potentialAction\":[{\"@type\":\"ReadAction\",\"target\":[\"http:\/\/stage.japanconsultingoffice.com\/fr\/e-learning\/\"]}]},{\"@type\":\"ImageObject\",\"inLanguage\":\"fr-FR\",\"@id\":\"http:\/\/stage.japanconsultingoffice.com\/fr\/e-learning\/#primaryimage\",\"url\":\"http:\/\/stage.japanconsultingoffice.com\/wp-content\/uploads\/2025\/03\/Handhsake-e1742120718883.jpg\",\"contentUrl\":\"http:\/\/stage.japanconsultingoffice.com\/wp-content\/uploads\/2025\/03\/Handhsake-e1742120718883.jpg\",\"width\":1192,\"height\":457},{\"@type\":\"BreadcrumbList\",\"@id\":\"http:\/\/stage.japanconsultingoffice.com\/fr\/e-learning\/#breadcrumb\",\"itemListElement\":[{\"@type\":\"ListItem\",\"position\":1,\"name\":\"Accueil\",\"item\":\"http:\/\/stage.japanconsultingoffice.com\/fr\/\"},{\"@type\":\"ListItem\",\"position\":2,\"name\":\"Apprentissage en ligne\"}]},{\"@type\":\"WebSite\",\"@id\":\"http:\/\/stage.japanconsultingoffice.com\/#website\",\"url\":\"http:\/\/stage.japanconsultingoffice.com\/\",\"name\":\"Japan Consulting Office\",\"description\":\"\",\"potentialAction\":[{\"@type\":\"SearchAction\",\"target\":{\"@type\":\"EntryPoint\",\"urlTemplate\":\"http:\/\/stage.japanconsultingoffice.com\/?s={search_term_string}\"},\"query-input\":{\"@type\":\"PropertyValueSpecification\",\"valueRequired\":true,\"valueName\":\"search_term_string\"}}],\"inLanguage\":\"fr-FR\"}]}<\/script>\n<!-- \/ Yoast SEO plugin. -->","yoast_head_json":{"title":"Formation en ligne sur la culture d\u2019entreprise japonaise","description":"D\u00e9couvrez les modules d\u2019e-learning con\u00e7us par des experts sur la culture d\u2019entreprise japonaise. Des programmes flexibles et uniques pour am\u00e9liorer vos comp\u00e9tences interculturelles \u00e0 tout moment et o\u00f9 que vous soyez.","robots":{"index":"noindex","follow":"follow","max-snippet":"max-snippet:-1","max-image-preview":"max-image-preview:large","max-video-preview":"max-video-preview:-1"},"og_locale":"fr_FR","og_type":"article","og_title":"Formation en ligne sur la culture d\u2019entreprise japonaise","og_description":"D\u00e9couvrez les modules d\u2019e-learning con\u00e7us par des experts sur la culture d\u2019entreprise japonaise. Des programmes flexibles et uniques pour am\u00e9liorer vos comp\u00e9tences interculturelles \u00e0 tout moment et o\u00f9 que vous soyez.","og_url":"http:\/\/stage.japanconsultingoffice.com\/fr\/e-learning\/","og_site_name":"Japan Consulting Office","article_modified_time":"2025-06-16T13:30:58+00:00","og_image":[{"width":1192,"height":457,"url":"http:\/\/stage.japanconsultingoffice.com\/wp-content\/uploads\/2025\/03\/Handhsake-e1742120718883.jpg","type":"image\/jpeg"}],"twitter_card":"summary_large_image","twitter_misc":{"Dur\u00e9e de lecture estim\u00e9e":"1 minute"},"schema":{"@context":"https:\/\/schema.org","@graph":[{"@type":"WebPage","@id":"http:\/\/stage.japanconsultingoffice.com\/fr\/e-learning\/","url":"http:\/\/stage.japanconsultingoffice.com\/fr\/e-learning\/","name":"Formation en ligne sur la culture d\u2019entreprise japonaise","isPartOf":{"@id":"http:\/\/stage.japanconsultingoffice.com\/#website"},"primaryImageOfPage":{"@id":"http:\/\/stage.japanconsultingoffice.com\/fr\/e-learning\/#primaryimage"},"image":{"@id":"http:\/\/stage.japanconsultingoffice.com\/fr\/e-learning\/#primaryimage"},"thumbnailUrl":"http:\/\/stage.japanconsultingoffice.com\/wp-content\/uploads\/2025\/03\/Handhsake-e1742120718883.jpg","datePublished":"2024-12-23T23:46:37+00:00","dateModified":"2025-06-16T13:30:58+00:00","description":"D\u00e9couvrez les modules d\u2019e-learning con\u00e7us par des experts sur la culture d\u2019entreprise japonaise. Des programmes flexibles et uniques pour am\u00e9liorer vos comp\u00e9tences interculturelles \u00e0 tout moment et o\u00f9 que vous soyez.","breadcrumb":{"@id":"http:\/\/stage.japanconsultingoffice.com\/fr\/e-learning\/#breadcrumb"},"inLanguage":"fr-FR","potentialAction":[{"@type":"ReadAction","target":["http:\/\/stage.japanconsultingoffice.com\/fr\/e-learning\/"]}]},{"@type":"ImageObject","inLanguage":"fr-FR","@id":"http:\/\/stage.japanconsultingoffice.com\/fr\/e-learning\/#primaryimage","url":"http:\/\/stage.japanconsultingoffice.com\/wp-content\/uploads\/2025\/03\/Handhsake-e1742120718883.jpg","contentUrl":"http:\/\/stage.japanconsultingoffice.com\/wp-content\/uploads\/2025\/03\/Handhsake-e1742120718883.jpg","width":1192,"height":457},{"@type":"BreadcrumbList","@id":"http:\/\/stage.japanconsultingoffice.com\/fr\/e-learning\/#breadcrumb","itemListElement":[{"@type":"ListItem","position":1,"name":"Accueil","item":"http:\/\/stage.japanconsultingoffice.com\/fr\/"},{"@type":"ListItem","position":2,"name":"Apprentissage en ligne"}]},{"@type":"WebSite","@id":"http:\/\/stage.japanconsultingoffice.com\/#website","url":"http:\/\/stage.japanconsultingoffice.com\/","name":"Japan Consulting Office","description":"","potentialAction":[{"@type":"SearchAction","target":{"@type":"EntryPoint","urlTemplate":"http:\/\/stage.japanconsultingoffice.com\/?s={search_term_string}"},"query-input":{"@type":"PropertyValueSpecification","valueRequired":true,"valueName":"search_term_string"}}],"inLanguage":"fr-FR"}]}},"ticketed":false,"_links":{"self":[{"href":"http:\/\/stage.japanconsultingoffice.com\/fr\/wp-json\/wp\/v2\/pages\/4816","targetHints":{"allow":["GET"]}}],"collection":[{"href":"http:\/\/stage.japanconsultingoffice.com\/fr\/wp-json\/wp\/v2\/pages"}],"about":[{"href":"http:\/\/stage.japanconsultingoffice.com\/fr\/wp-json\/wp\/v2\/types\/page"}],"author":[{"embeddable":true,"href":"http:\/\/stage.japanconsultingoffice.com\/fr\/wp-json\/wp\/v2\/users\/1"}],"replies":[{"embeddable":true,"href":"http:\/\/stage.japanconsultingoffice.com\/fr\/wp-json\/wp\/v2\/comments?post=4816"}],"version-history":[{"count":18,"href":"http:\/\/stage.japanconsultingoffice.com\/fr\/wp-json\/wp\/v2\/pages\/4816\/revisions"}],"predecessor-version":[{"id":6988,"href":"http:\/\/stage.japanconsultingoffice.com\/fr\/wp-json\/wp\/v2\/pages\/4816\/revisions\/6988"}],"wp:featuredmedia":[{"embeddable":true,"href":"http:\/\/stage.japanconsultingoffice.com\/fr\/wp-json\/wp\/v2\/media\/3115"}],"wp:attachment":[{"href":"http:\/\/stage.japanconsultingoffice.com\/fr\/wp-json\/wp\/v2\/media?parent=4816"}],"curies":[{"name":"wp","href":"https:\/\/api.w.org\/{rel}","templated":true}]}}