{"id":4823,"date":"2024-09-13T04:47:11","date_gmt":"2024-09-12T19:47:11","guid":{"rendered":"https:\/\/www.japanconsultingoffice.com\/clients\/"},"modified":"2025-06-16T22:42:03","modified_gmt":"2025-06-16T13:42:03","slug":"clients","status":"publish","type":"page","link":"https:\/\/stage.japanconsultingoffice.com\/fr\/clients\/","title":{"rendered":"Nos Clients"},"content":{"rendered":"","protected":false},"excerpt":{"rendered":"","protected":false},"author":1,"featured_media":4806,"parent":0,"menu_order":0,"comment_status":"closed","ping_status":"closed","template":"","meta":{"_acf_changed":false,"_price":"","_stock":"","_tribe_ticket_header":"","_tribe_default_ticket_provider":"","_tribe_ticket_capacity":"0","_ticket_start_date":"","_ticket_end_date":"","_tribe_ticket_show_description":"","_tribe_ticket_show_not_going":false,"_tribe_ticket_use_global_stock":"","_tribe_ticket_global_stock_level":"","_global_stock_mode":"","_global_stock_cap":"","_tribe_rsvp_for_event":"","_tribe_ticket_going_count":"","_tribe_ticket_not_going_count":"","_tribe_tickets_list":"[]","_tribe_ticket_has_attendee_info_fields":false,"footnotes":"","_tec_slr_enabled":"","_tec_slr_layout":""},"class_list":["post-4823","page","type-page","status-publish","has-post-thumbnail","hentry"],"acf":[],"yoast_head":"<!-- This site is optimized with the Yoast SEO plugin v27.0 - https:\/\/yoast.com\/product\/yoast-seo-wordpress\/ -->\n<title>Nos clients | Histoires de r\u00e9ussite avec JCO<\/title>\n<meta name=\"description\" content=\"D\u00e9couvrez comment JCO a soutenu des clients dans diff\u00e9rents domaines avec des solutions innovantes et des programmes personnalis\u00e9s.\" \/>\n<meta name=\"robots\" content=\"noindex, follow, max-snippet:-1, max-image-preview:large, max-video-preview:-1\" \/>\n<meta property=\"og:locale\" content=\"fr_FR\" \/>\n<meta property=\"og:type\" content=\"article\" \/>\n<meta property=\"og:title\" content=\"Nos clients | Histoires de r\u00e9ussite avec JCO\" \/>\n<meta property=\"og:description\" content=\"D\u00e9couvrez comment JCO a soutenu des clients dans diff\u00e9rents domaines avec des solutions innovantes et des programmes personnalis\u00e9s.\" \/>\n<meta property=\"og:url\" content=\"https:\/\/stage.japanconsultingoffice.com\/fr\/clients\/\" \/>\n<meta property=\"og:site_name\" content=\"Japan Consulting Office\" \/>\n<meta property=\"article:modified_time\" content=\"2025-06-16T13:42:03+00:00\" \/>\n<meta property=\"og:image\" content=\"https:\/\/stage.japanconsultingoffice.com\/wp-content\/uploads\/2024\/12\/about-banner.jpg\" \/>\n\t<meta property=\"og:image:width\" content=\"1920\" \/>\n\t<meta property=\"og:image:height\" content=\"400\" \/>\n\t<meta property=\"og:image:type\" content=\"image\/jpeg\" \/>\n<meta name=\"twitter:card\" content=\"summary_large_image\" \/>\n<meta name=\"twitter:label1\" content=\"Dur\u00e9e de lecture estim\u00e9e\" \/>\n\t<meta name=\"twitter:data1\" content=\"1 minute\" \/>\n<script type=\"application\/ld+json\" class=\"yoast-schema-graph\">{\"@context\":\"https:\/\/schema.org\",\"@graph\":[{\"@type\":\"WebPage\",\"@id\":\"https:\/\/stage.japanconsultingoffice.com\/fr\/clients\/\",\"url\":\"https:\/\/stage.japanconsultingoffice.com\/fr\/clients\/\",\"name\":\"Nos clients | Histoires de r\u00e9ussite avec JCO\",\"isPartOf\":{\"@id\":\"http:\/\/stage.japanconsultingoffice.com\/#website\"},\"primaryImageOfPage\":{\"@id\":\"https:\/\/stage.japanconsultingoffice.com\/fr\/clients\/#primaryimage\"},\"image\":{\"@id\":\"https:\/\/stage.japanconsultingoffice.com\/fr\/clients\/#primaryimage\"},\"thumbnailUrl\":\"https:\/\/stage.japanconsultingoffice.com\/wp-content\/uploads\/2024\/12\/about-banner.jpg\",\"datePublished\":\"2024-09-12T19:47:11+00:00\",\"dateModified\":\"2025-06-16T13:42:03+00:00\",\"description\":\"D\u00e9couvrez comment JCO a soutenu des clients dans diff\u00e9rents domaines avec des solutions innovantes et des programmes personnalis\u00e9s.\",\"breadcrumb\":{\"@id\":\"https:\/\/stage.japanconsultingoffice.com\/fr\/clients\/#breadcrumb\"},\"inLanguage\":\"fr-FR\",\"potentialAction\":[{\"@type\":\"ReadAction\",\"target\":[\"https:\/\/stage.japanconsultingoffice.com\/fr\/clients\/\"]}]},{\"@type\":\"ImageObject\",\"inLanguage\":\"fr-FR\",\"@id\":\"https:\/\/stage.japanconsultingoffice.com\/fr\/clients\/#primaryimage\",\"url\":\"https:\/\/stage.japanconsultingoffice.com\/wp-content\/uploads\/2024\/12\/about-banner.jpg\",\"contentUrl\":\"https:\/\/stage.japanconsultingoffice.com\/wp-content\/uploads\/2024\/12\/about-banner.jpg\",\"width\":1920,\"height\":400},{\"@type\":\"BreadcrumbList\",\"@id\":\"https:\/\/stage.japanconsultingoffice.com\/fr\/clients\/#breadcrumb\",\"itemListElement\":[{\"@type\":\"ListItem\",\"position\":1,\"name\":\"Accueil\",\"item\":\"http:\/\/stage.japanconsultingoffice.com\/fr\/\"},{\"@type\":\"ListItem\",\"position\":2,\"name\":\"Nos Clients\"}]},{\"@type\":\"WebSite\",\"@id\":\"http:\/\/stage.japanconsultingoffice.com\/#website\",\"url\":\"http:\/\/stage.japanconsultingoffice.com\/\",\"name\":\"Japan Consulting Office\",\"description\":\"\",\"potentialAction\":[{\"@type\":\"SearchAction\",\"target\":{\"@type\":\"EntryPoint\",\"urlTemplate\":\"http:\/\/stage.japanconsultingoffice.com\/?s={search_term_string}\"},\"query-input\":{\"@type\":\"PropertyValueSpecification\",\"valueRequired\":true,\"valueName\":\"search_term_string\"}}],\"inLanguage\":\"fr-FR\"}]}<\/script>\n<!-- \/ Yoast SEO plugin. -->","yoast_head_json":{"title":"Nos clients | Histoires de r\u00e9ussite avec JCO","description":"D\u00e9couvrez comment JCO a soutenu des clients dans diff\u00e9rents domaines avec des solutions innovantes et des programmes personnalis\u00e9s.","robots":{"index":"noindex","follow":"follow","max-snippet":"max-snippet:-1","max-image-preview":"max-image-preview:large","max-video-preview":"max-video-preview:-1"},"og_locale":"fr_FR","og_type":"article","og_title":"Nos clients | Histoires de r\u00e9ussite avec JCO","og_description":"D\u00e9couvrez comment JCO a soutenu des clients dans diff\u00e9rents domaines avec des solutions innovantes et des programmes personnalis\u00e9s.","og_url":"https:\/\/stage.japanconsultingoffice.com\/fr\/clients\/","og_site_name":"Japan Consulting Office","article_modified_time":"2025-06-16T13:42:03+00:00","og_image":[{"width":1920,"height":400,"url":"https:\/\/stage.japanconsultingoffice.com\/wp-content\/uploads\/2024\/12\/about-banner.jpg","type":"image\/jpeg"}],"twitter_card":"summary_large_image","twitter_misc":{"Dur\u00e9e de lecture estim\u00e9e":"1 minute"},"schema":{"@context":"https:\/\/schema.org","@graph":[{"@type":"WebPage","@id":"https:\/\/stage.japanconsultingoffice.com\/fr\/clients\/","url":"https:\/\/stage.japanconsultingoffice.com\/fr\/clients\/","name":"Nos clients | Histoires de r\u00e9ussite avec JCO","isPartOf":{"@id":"http:\/\/stage.japanconsultingoffice.com\/#website"},"primaryImageOfPage":{"@id":"https:\/\/stage.japanconsultingoffice.com\/fr\/clients\/#primaryimage"},"image":{"@id":"https:\/\/stage.japanconsultingoffice.com\/fr\/clients\/#primaryimage"},"thumbnailUrl":"https:\/\/stage.japanconsultingoffice.com\/wp-content\/uploads\/2024\/12\/about-banner.jpg","datePublished":"2024-09-12T19:47:11+00:00","dateModified":"2025-06-16T13:42:03+00:00","description":"D\u00e9couvrez comment JCO a soutenu des clients dans diff\u00e9rents domaines avec des solutions innovantes et des programmes personnalis\u00e9s.","breadcrumb":{"@id":"https:\/\/stage.japanconsultingoffice.com\/fr\/clients\/#breadcrumb"},"inLanguage":"fr-FR","potentialAction":[{"@type":"ReadAction","target":["https:\/\/stage.japanconsultingoffice.com\/fr\/clients\/"]}]},{"@type":"ImageObject","inLanguage":"fr-FR","@id":"https:\/\/stage.japanconsultingoffice.com\/fr\/clients\/#primaryimage","url":"https:\/\/stage.japanconsultingoffice.com\/wp-content\/uploads\/2024\/12\/about-banner.jpg","contentUrl":"https:\/\/stage.japanconsultingoffice.com\/wp-content\/uploads\/2024\/12\/about-banner.jpg","width":1920,"height":400},{"@type":"BreadcrumbList","@id":"https:\/\/stage.japanconsultingoffice.com\/fr\/clients\/#breadcrumb","itemListElement":[{"@type":"ListItem","position":1,"name":"Accueil","item":"http:\/\/stage.japanconsultingoffice.com\/fr\/"},{"@type":"ListItem","position":2,"name":"Nos Clients"}]},{"@type":"WebSite","@id":"http:\/\/stage.japanconsultingoffice.com\/#website","url":"http:\/\/stage.japanconsultingoffice.com\/","name":"Japan Consulting Office","description":"","potentialAction":[{"@type":"SearchAction","target":{"@type":"EntryPoint","urlTemplate":"http:\/\/stage.japanconsultingoffice.com\/?s={search_term_string}"},"query-input":{"@type":"PropertyValueSpecification","valueRequired":true,"valueName":"search_term_string"}}],"inLanguage":"fr-FR"}]}},"ticketed":false,"_links":{"self":[{"href":"https:\/\/stage.japanconsultingoffice.com\/fr\/wp-json\/wp\/v2\/pages\/4823","targetHints":{"allow":["GET"]}}],"collection":[{"href":"https:\/\/stage.japanconsultingoffice.com\/fr\/wp-json\/wp\/v2\/pages"}],"about":[{"href":"https:\/\/stage.japanconsultingoffice.com\/fr\/wp-json\/wp\/v2\/types\/page"}],"author":[{"embeddable":true,"href":"https:\/\/stage.japanconsultingoffice.com\/fr\/wp-json\/wp\/v2\/users\/1"}],"replies":[{"embeddable":true,"href":"https:\/\/stage.japanconsultingoffice.com\/fr\/wp-json\/wp\/v2\/comments?post=4823"}],"version-history":[{"count":11,"href":"https:\/\/stage.japanconsultingoffice.com\/fr\/wp-json\/wp\/v2\/pages\/4823\/revisions"}],"predecessor-version":[{"id":7015,"href":"https:\/\/stage.japanconsultingoffice.com\/fr\/wp-json\/wp\/v2\/pages\/4823\/revisions\/7015"}],"wp:featuredmedia":[{"embeddable":true,"href":"https:\/\/stage.japanconsultingoffice.com\/fr\/wp-json\/wp\/v2\/media\/4806"}],"wp:attachment":[{"href":"https:\/\/stage.japanconsultingoffice.com\/fr\/wp-json\/wp\/v2\/media?parent=4823"}],"curies":[{"name":"wp","href":"https:\/\/api.w.org\/{rel}","templated":true}]}}